{"id":2206,"date":"2022-04-17T17:29:16","date_gmt":"2022-04-17T14:29:16","guid":{"rendered":"https:\/\/gotikayakkabi.com.tr\/?page_id=2206"},"modified":"2022-04-17T17:52:09","modified_gmt":"2022-04-17T14:52:09","slug":"home","status":"publish","type":"page","link":"https:\/\/gotikayakkabi.com.tr\/en\/","title":{"rendered":"Home"},"content":{"rendered":"<p><section class=\"kc-elm kc-css-662749 kc_row\"><div class=\"kc-row-container\"><div class=\"kc-wrap-columns\"><div class=\"kc-elm kc-css-334173 kc_col-sm-12 kc_column kc_col-sm-12\"><div class=\"kc-col-container\">\n\t<!--Main Slider-->\n\t<section class=\"main-slider\" data-start-height=\"900\" data-slide-overlay=\"yes\">\n\t\t\n\t\t\t<!-- START Home REVOLUTION SLIDER 6.5.12 --><p class=\"rs-p-wp-fix\"><\/p>\n\t\t\t<rs-module-wrap id=\"rev_slider_1_1_wrapper\" data-source=\"gallery\" style=\"visibility:hidden;background:transparent;padding:0;margin:0px auto;margin-top:0;margin-bottom:0;\">\n\t\t\t\t<rs-module id=\"rev_slider_1_1\" style=\"\" data-version=\"6.5.12\">\n\t\t\t\t\t<rs-slides>\n\t\t\t\t\t\t<rs-slide style=\"position: absolute;\" data-key=\"rs-2\" data-title=\"Slide\" data-thumb=\"\/\/gotikayakkabi.com.tr\/wp-content\/uploads\/2022\/03\/L1010303.jpg\" data-in=\"o:0;\" data-out=\"a:false;\" data-alttrans=\"3dcurtain-vertical,curtain-2\">\n\t\t\t\t\t\t\t<img src=\"\/\/gotikayakkabi.com.tr\/en\/wp-content\/plugins\/revslider\/public\/assets\/assets\/dummy.png\" alt=\"tek renk varak\" title=\"tek renk varak\" width=\"1000\" height=\"750\" class=\"rev-slidebg tp-rs-img rs-lazyload\" data-lazyload=\"\/\/gotikayakkabi.com.tr\/wp-content\/uploads\/2022\/03\/L1010303.jpg\" data-no-retina>\n<!--\n\t\t\t\t\t\t\t--><rs-layer\n\t\t\t\t\t\t\t\tid=\"slider-1-slide-2-layer-1\" \n\t\t\t\t\t\t\t\tdata-type=\"text\"\n\t\t\t\t\t\t\t\tdata-rsp_ch=\"on\"\n\t\t\t\t\t\t\t\tdata-xy=\"x:r,r,r,c;xo:30px,30px,30px,0;y:m;yo:-100px;\"\n\t\t\t\t\t\t\t\tdata-text=\"w:normal;s:60,60,60,40;l:70,70,70,50;fw:600;a:right,right,right,center;\"\n\t\t\t\t\t\t\t\tdata-vbility=\"f,f,f,f\"\n\t\t\t\t\t\t\t\tdata-frame_0=\"y:-100%;o:1;\"\n\t\t\t\t\t\t\t\tdata-frame_0_mask=\"u:t;\"\n\t\t\t\t\t\t\t\tdata-frame_1=\"sp:1500;\"\n\t\t\t\t\t\t\t\tdata-frame_1_mask=\"u:t;\"\n\t\t\t\t\t\t\t\tdata-frame_999=\"o:0;st:w;sR:8700;\"\n\t\t\t\t\t\t\t\tstyle=\"z-index:8;font-family:'Poppins';\"\n\t\t\t\t\t\t\t>Tekstil Sekt\u00f6r\u00fc \u0130\u00e7in <br> \u00dcretti\u011fimiz T\u00fcm \u00dcr\u00fcnler \n\t\t\t\t\t\t\t<\/rs-layer><!--\n\n\t\t\t\t\t\t\t--><rs-layer\n\t\t\t\t\t\t\t\tid=\"slider-1-slide-2-layer-2\" \n\t\t\t\t\t\t\t\tdata-type=\"text\"\n\t\t\t\t\t\t\t\tdata-rsp_ch=\"on\"\n\t\t\t\t\t\t\t\tdata-xy=\"x:r,r,r,c;xo:30px,30px,30px,0;y:m;yo:30px;\"\n\t\t\t\t\t\t\t\tdata-text=\"w:normal;l:32;a:right,right,right,center;\"\n\t\t\t\t\t\t\t\tdata-dim=\"w:550px,550px,550px,460px;\"\n\t\t\t\t\t\t\t\tdata-vbility=\"f,f,f,f\"\n\t\t\t\t\t\t\t\tdata-frame_0=\"y:100%;\"\n\t\t\t\t\t\t\t\tdata-frame_1=\"e:power4.inOut;sp:2000;\"\n\t\t\t\t\t\t\t\tdata-frame_999=\"o:0;st:w;sR:8700;\"\n\t\t\t\t\t\t\t\tstyle=\"z-index:9;font-family:'Open Sans';\"\n\t\t\t\t\t\t\t>Uzun y\u0131llar edindi\u011fimiz tecr\u00fcbeler dahilinde tekstil sekt\u00f6r\u00fc i\u00e7in \u00fcretti\u011fimiz \u00fcr\u00fcnleri g\u00f6rebilirsiniz. \n\t\t\t\t\t\t\t<\/rs-layer><!--\n\n\t\t\t\t\t\t\t--><rs-layer\n\t\t\t\t\t\t\t\tid=\"slider-1-slide-2-layer-3\" \n\t\t\t\t\t\t\t\tdata-type=\"text\"\n\t\t\t\t\t\t\t\tdata-rsp_ch=\"on\"\n\t\t\t\t\t\t\t\tdata-xy=\"x:l,l,l,c;xo:124px,124px,124px,3px;y:m;yo:-52px,-52px,-12px,-21px;\"\n\t\t\t\t\t\t\t\tdata-text=\"w:normal;s:60,60,54,34;l:70,70,63,43;fw:600;a:left,left,left,center;\"\n\t\t\t\t\t\t\t\tdata-frame_0=\"y:-100%;o:1;\"\n\t\t\t\t\t\t\t\tdata-frame_0_mask=\"u:t;\"\n\t\t\t\t\t\t\t\tdata-frame_1=\"x:0,0,0px,0px;y:0,0,0px,0px;sp:1500;\"\n\t\t\t\t\t\t\t\tdata-frame_1_mask=\"u:t;x:0,0,0px,0px;y:0,0,0px,0px;\"\n\t\t\t\t\t\t\t\tdata-frame_999=\"o:0;st:w;sR:8700;\"\n\t\t\t\t\t\t\t\tstyle=\"z-index:8;font-family:'Poppins';\"\n\t\t\t\t\t\t\t>Beyond Your Imaginations\n<br>Colours, Styles, Patterns<\/br> and Uniq Combinations\n \n\t\t\t\t\t\t\t<\/rs-layer><!--\n-->\t\t\t\t\t\t<\/rs-slide>\n\t\t\t\t\t\t<rs-slide style=\"position: absolute;\" data-key=\"rs-1\" data-title=\"Slide\" data-thumb=\"\/\/gotikayakkabi.com.tr\/wp-content\/uploads\/2022\/03\/L1010266.jpg\" data-in=\"o:0;\" data-out=\"a:false;\" data-alttrans=\"3dcurtain-vertical,curtain-2\">\n\t\t\t\t\t\t\t<img src=\"\/\/gotikayakkabi.com.tr\/en\/wp-content\/plugins\/revslider\/public\/assets\/assets\/dummy.png\" alt=\"Lazer paper\" title=\"Lazer paper\" width=\"1000\" height=\"750\" class=\"rev-slidebg tp-rs-img rs-lazyload\" data-lazyload=\"\/\/gotikayakkabi.com.tr\/wp-content\/uploads\/2022\/03\/L1010266.jpg\" data-no-retina>\n<!--\n\t\t\t\t\t\t\t--><rs-layer\n\t\t\t\t\t\t\t\tid=\"slider-1-slide-1-layer-1\" \n\t\t\t\t\t\t\t\tdata-type=\"text\"\n\t\t\t\t\t\t\t\tdata-rsp_ch=\"on\"\n\t\t\t\t\t\t\t\tdata-xy=\"x:l,l,l,c;xo:15px,15px,15px,0;y:m;yo:-101px;\"\n\t\t\t\t\t\t\t\tdata-text=\"w:normal;s:60,60,60,40;l:70,70,70,50;fw:600;a:left,left,left,center;\"\n\t\t\t\t\t\t\t\tdata-vbility=\"f,f,f,f\"\n\t\t\t\t\t\t\t\tdata-frame_0=\"y:-100%;o:1;\"\n\t\t\t\t\t\t\t\tdata-frame_0_mask=\"u:t;\"\n\t\t\t\t\t\t\t\tdata-frame_1=\"sp:1500;\"\n\t\t\t\t\t\t\t\tdata-frame_1_mask=\"u:t;\"\n\t\t\t\t\t\t\t\tdata-frame_999=\"o:0;st:w;sR:8700;\"\n\t\t\t\t\t\t\t\tstyle=\"z-index:8;font-family:'Poppins';\"\n\t\t\t\t\t\t\t>Renklerin, \u00c7izgilerin ve <br>Desenlerin  E\u015fsiz<br> Kombinasyonlar\u0131 ile Birlikte<br>Hayal G\u00fcc\u00fcn\u00fcz\u00fcn \u00c7ok <br>  \u00d6tesinde... \n\t\t\t\t\t\t\t<\/rs-layer><!--\n\n\t\t\t\t\t\t\t--><rs-layer\n\t\t\t\t\t\t\t\tid=\"slider-1-slide-1-layer-2\" \n\t\t\t\t\t\t\t\tdata-type=\"text\"\n\t\t\t\t\t\t\t\tdata-rsp_ch=\"on\"\n\t\t\t\t\t\t\t\tdata-xy=\"x:l,l,l,c;xo:15px,15px,15px,0;y:m;yo:30px;\"\n\t\t\t\t\t\t\t\tdata-text=\"w:normal;l:32;a:left,left,left,center;\"\n\t\t\t\t\t\t\t\tdata-dim=\"w:550px,550px,550px,460px;\"\n\t\t\t\t\t\t\t\tdata-vbility=\"f,f,f,f\"\n\t\t\t\t\t\t\t\tdata-frame_0=\"y:100%;\"\n\t\t\t\t\t\t\t\tdata-frame_1=\"e:power4.inOut;sp:2000;\"\n\t\t\t\t\t\t\t\tdata-frame_999=\"o:0;st:w;sR:8700;\"\n\t\t\t\t\t\t\t\tstyle=\"z-index:9;font-family:'Open Sans';\"\n\t\t\t\t\t\t\t>Uzun y\u0131llar edindi\u011fimiz deneyimler sayesinde olu\u015fturdu\u011fumuz deri ve di\u011fer desenler \n\t\t\t\t\t\t\t<\/rs-layer><!--\n-->\t\t\t\t\t\t<\/rs-slide>\n\t\t\t\t\t\t<rs-slide style=\"position: absolute;\" data-key=\"rs-8\" data-title=\"Slide\" data-thumb=\"\/\/gotikayakkabi.com.tr\/wp-content\/uploads\/2022\/03\/L1010274.jpg\" data-in=\"o:0;\" data-out=\"a:false;\">\n\t\t\t\t\t\t\t<img src=\"\/\/gotikayakkabi.com.tr\/en\/wp-content\/plugins\/revslider\/public\/assets\/assets\/dummy.png\" alt=\"\" title=\"Home\" class=\"rev-slidebg tp-rs-img rs-lazyload\" data-lazyload=\"\/\/gotikayakkabi.com.tr\/wp-content\/uploads\/2022\/03\/L1010274.jpg\" data-no-retina>\n<!---->\t\t\t\t\t\t<\/rs-slide>\n\t\t\t\t\t\t<rs-slide style=\"position: absolute;\" data-key=\"rs-9\" data-title=\"Slide\" data-thumb=\"\/\/gotikayakkabi.com.tr\/wp-content\/uploads\/2022\/03\/L1010309.jpg\" data-in=\"o:0;\" data-out=\"a:false;\">\n\t\t\t\t\t\t\t<img src=\"\/\/gotikayakkabi.com.tr\/en\/wp-content\/plugins\/revslider\/public\/assets\/assets\/dummy.png\" alt=\"\" title=\"Home\" class=\"rev-slidebg tp-rs-img rs-lazyload\" data-lazyload=\"\/\/gotikayakkabi.com.tr\/wp-content\/uploads\/2022\/03\/L1010309.jpg\" data-no-retina>\n<!---->\t\t\t\t\t\t<\/rs-slide>\n\t\t\t\t\t<\/rs-slides>\n\t\t\t\t\t<rs-static-layers><!--\n\t\t\t\t\t--><\/rs-static-layers>\n\t\t\t\t<\/rs-module>\n\t\t\t\t<script>\n\t\t\t\t\tsetREVStartSize({c: 'rev_slider_1_1',rl:[1240,1024,778,480],el:[640,768,480,480],gw:[1200,1024,778,480],gh:[640,768,480,480],type:'standard',justify:'',layout:'fullwidth',mh:\"0\"});if (window.RS_MODULES!==undefined && window.RS_MODULES.modules!==undefined && window.RS_MODULES.modules[\"revslider11\"]!==undefined) {window.RS_MODULES.modules[\"revslider11\"].once = false;window.revapi1 = undefined;if (window.RS_MODULES.checkMinimal!==undefined) window.RS_MODULES.checkMinimal()}\n\t\t\t\t<\/script>\n\t\t\t<\/rs-module-wrap>\n\t\t\t<!-- END REVOLUTION SLIDER -->\n\t<\/section>\n\t<!--End Main Slider-->\n\n<\/div><\/div><\/div><\/div><\/section><section class=\"kc-elm kc-css-45975 kc_row\"><div class=\"kc-row-container\"><div class=\"kc-wrap-columns\"><div class=\"kc-elm kc-css-87477 kc_col-sm-12 kc_column kc_col-sm-12\"><div class=\"kc-col-container\"><!--Call To Action-->\n<section class=\"call-to-action\" style=\"background-image:url('http:\/\/wp.efforttech.net\/newwp\/manufacto\/wp-content\/uploads\/2018\/01\/1-3.jpg')\">\n    <div class=\"auto-container\">\n        <div class=\"row clearfix\">\n            <!--Column-->\n            <div class=\"column col-md-8 col-sm-12 col-xs-12\">\n                <h2>LOOKING AN ADEQUATE SOLUTION FOR YOUR COMPANY?<\/h2>\n            <\/div>\n            <!--Btn Column-->\n            <div class=\"btn-column col-md-4 col-sm-12 col-xs-12\">\n                <a href=\"#\" class=\"theme-btn btn-style-seven\">Request A Quote<\/a>\n            <\/div>\n            \n        <\/div>\n    <\/div>\n<\/section>\n<!--End Call To Action--><\/div><\/div><\/div><\/div><\/section><section data-kc-fullwidth=\"row\" class=\"kc-elm kc-css-173551 kc_row\"><div class=\"kc-row-container  kc-container\"><div class=\"kc-wrap-columns\"><div class=\"kc-elm kc-css-615148 kc_col-sm-12 kc_column kc_col-sm-12\"><div class=\"kc-col-container\"><!--About Section-->\r\n<section class=\"about-section grey-bg\">\r\n    <div class=\"auto-container\">\r\n        <!--Sec Title-->\r\n        <div class=\"sec-title\">\r\n            <h2>K\u0131saca Biz<\/h2>\r\n        <\/div>\r\n        <div class=\"row clearfix\">\r\n            <!--Content Column-->\r\n            <div class=\"content-column col-md-6 col-sm-12 col-xs-12\">\r\n                <div class=\"text\">\u00dcr\u00fcnlerinin m\u00fckemmel kalite seviyesi sayesinde Gotik Lazer, temel moda ve tasar\u0131m ihtiya\u00e7lar\u0131n\u0131 ve standartlar\u0131n\u0131 kar\u015f\u0131layabilmek i\u00e7in var g\u00fcc\u00fcyle \u00e7al\u0131\u015fmaktad\u0131r. Y\u0131llar i\u00e7inde edinilen bilgi birikimi ile y\u00fcksek kalite standartlar\u0131n\u0131n korunmas\u0131 temel bir i\u015fletme motivasyonumuzdur.<\/div>\r\n                <div class=\"image\">\r\n                    <img src=\"https:\/\/gotikayakkabi.com.tr\/wp-content\/uploads\/2022\/03\/L1010303.jpg\" alt=\"image\" \/>\r\n                <\/div>\r\n            <\/div>\r\n            <!--Blocks Column-->\r\n            <div class=\"blocks-column col-md-6 col-sm-12 col-xs-12\">\r\n                <div class=\"row clearfix\">\r\n                \t                <\/div>\r\n            <\/div>\r\n        <\/div>\r\n    <\/div>\r\n<\/section>\r\n<!--End About Section--><\/div><\/div><\/div><\/div><\/section><section class=\"kc-elm kc-css-504513 kc_row\"><div class=\"kc-row-container\"><div class=\"kc-wrap-columns\"><div class=\"kc-elm kc-css-209379 kc_col-sm-12 kc_column kc_col-sm-12\"><div class=\"kc-col-container\"><!--Subscribe Section-->\r\n<section class=\"subscribe-section\">\r\n    <div class=\"auto-container\">\r\n        <div class=\"row clearfix\">\r\n            <div class=\"title-column col-md-6 col-sm-12 col-xs-12\">\r\n                <h2>\u0130LET\u0130\u015e\u0130MDE KALIN<\/h2>\r\n                <div class=\"text\">B\u00fcltenimize Abone Olun ve Bizi sosyal Medya'da Takip Edin!<\/div>\r\n            <\/div>\r\n            <div class=\"column col-md-6 col-sm-12 col-xs-12\">\r\n                <div class=\"subscribe-form\">\r\n                    <form method=\"get\" action=\"http:\/\/feedburner.google.com\/fb\/a\/mailverify\" accept-charset=\"utf-8\">\r\n                        <div class=\"form-group\">\r\n                            <input type=\"hidden\" id=\"uri2\" name=\"uri\" value=\"themeforest\">\r\n                            <input type=\"email\" name=\"email\" value=\"\" placeholder=\"Your email address\" required>\r\n                            <button type=\"submit\" class=\"theme-btn\">Subscribe<\/button>\r\n                        <\/div>\r\n                    <\/form>\r\n                <\/div>\r\n            <\/div>\r\n        <\/div>\r\n    <\/div>\r\n<\/section>\r\n<!--End Subscribe Section--><\/div><\/div><\/div><\/div><\/section><section class=\"kc-elm kc-css-921392 kc_row\"><div class=\"kc-row-container\"><div class=\"kc-wrap-columns\"><div class=\"kc-elm kc-css-735683 kc_col-sm-12 kc_column kc_col-sm-12\"><div class=\"kc-col-container\"><!--Contact Info Section-->\n<section class=\"contact-info-section\">\n    <div class=\"auto-container\">\n        <div class=\"row clearfix\">\n        \t            <!--Info Block-->\n            <div class=\"info-block col-md-4 col-sm-6 col-xs-12\">\n                <div class=\"inner\">\n                    <div class=\"icon-box\">\n                        <span class=\"icon fa fa-map-marker\"><\/span>\n                    <\/div>\n                    <div class=\"text\">\u0130kitelli Org. San. B\u00f6lgesi Aymakop San. Sit. C7 Blok No. 26 Ba\u015fak\u015fehir \u0130STANBUL<\/div>\n                <\/div>\n            <\/div>\n                        <!--Info Block-->\n            <div class=\"info-block col-md-4 col-sm-6 col-xs-12\">\n                <div class=\"inner\">\n                    <div class=\"icon-box\">\n                        <span class=\"icon fa fa-volume-control-phone\"><\/span>\n                    <\/div>\n                    <div class=\"text\"><span>+ 90 212 671 84 95<\/span>Pzt - Cum, 09.00 - 18.00<\/div>\n                <\/div>\n            <\/div>\n                        <!--Info Block-->\n            <div class=\"info-block col-md-4 col-sm-6 col-xs-12\">\n                <div class=\"inner\">\n                    <div class=\"icon-box\">\n                        <span class=\"icon fa fa-envelope-o\"><\/span>\n                    <\/div>\n                    <div class=\"text\"><span>info@gotikyakkabi.com.tr<\/span> \u0130leti\u015fimde Kal\u0131n!<\/div>\n                <\/div>\n            <\/div>\n                    <\/div>\n    <\/div>\n<\/section>\n<!--End Contact Info Section--><\/div><\/div><\/div><\/div><\/section><\/p>\n","protected":false},"excerpt":{"rendered":"","protected":false},"author":1,"featured_media":0,"parent":0,"menu_order":0,"comment_status":"closed","ping_status":"closed","template":"tpl-king_composer.php","meta":[],"_links":{"self":[{"href":"https:\/\/gotikayakkabi.com.tr\/en\/wp-json\/wp\/v2\/pages\/2206"}],"collection":[{"href":"https:\/\/gotikayakkabi.com.tr\/en\/wp-json\/wp\/v2\/pages"}],"about":[{"href":"https:\/\/gotikayakkabi.com.tr\/en\/wp-json\/wp\/v2\/types\/page"}],"author":[{"embeddable":true,"href":"https:\/\/gotikayakkabi.com.tr\/en\/wp-json\/wp\/v2\/users\/1"}],"replies":[{"embeddable":true,"href":"https:\/\/gotikayakkabi.com.tr\/en\/wp-json\/wp\/v2\/comments?post=2206"}],"version-history":[{"count":1,"href":"https:\/\/gotikayakkabi.com.tr\/en\/wp-json\/wp\/v2\/pages\/2206\/revisions"}],"predecessor-version":[{"id":2215,"href":"https:\/\/gotikayakkabi.com.tr\/en\/wp-json\/wp\/v2\/pages\/2206\/revisions\/2215"}],"wp:attachment":[{"href":"https:\/\/gotikayakkabi.com.tr\/en\/wp-json\/wp\/v2\/media?parent=2206"}],"curies":[{"name":"wp","href":"https:\/\/api.w.org\/{rel}","templated":true}]}}