{"id":2207,"date":"2022-04-17T17:29:16","date_gmt":"2022-04-17T14:29:16","guid":{"rendered":"https:\/\/gotikayakkabi.com.tr\/?page_id=2207"},"modified":"2023-07-19T08:55:49","modified_gmt":"2023-07-19T05:55:49","slug":"contact","status":"publish","type":"page","link":"https:\/\/gotikayakkabi.com.tr\/en\/contact\/","title":{"rendered":"Contact"},"content":{"rendered":"<p><section class=\"kc-elm kc-css-896528 kc_row\"><div class=\"kc-row-container  kc-container\"><div class=\"kc-wrap-columns\"><div class=\"kc-elm kc-css-12604 kc_col-sm-12 kc_column kc_col-sm-12\"><div class=\"kc-col-container\"><!--Services Section-->\n<section class=\"contact-section\">\n    <div class=\"auto-container\">\n        <div class=\"row clearfix\">\n            <!--Column-->\n            <div class=\"column col-md-8 col-sm-12 col-xs-12\">\n                <h2>Keep in touch<\/h2>\n                <div class=\"text\">You can contact us for more information<\/div>\n                <!-- Contact Form -->\n                <div class=\"contact-form\">\n                    <!--Contact Form-->\n                    \n<div class=\"wpcf7 no-js\" id=\"wpcf7-f2327-o1\" lang=\"en-US\" dir=\"ltr\">\n<div class=\"screen-reader-response\"><p role=\"status\" aria-live=\"polite\" aria-atomic=\"true\"><\/p> <ul><\/ul><\/div>\n<form action=\"\/en\/wp-json\/wp\/v2\/pages\/2207#wpcf7-f2327-o1\" method=\"post\" class=\"wpcf7-form init\" aria-label=\"Contact form\" novalidate=\"novalidate\" data-status=\"init\">\n<div style=\"display: none;\">\n<input type=\"hidden\" name=\"_wpcf7\" value=\"2327\" \/>\n<input type=\"hidden\" name=\"_wpcf7_version\" value=\"5.7.6\" \/>\n<input type=\"hidden\" name=\"_wpcf7_locale\" value=\"en_US\" \/>\n<input type=\"hidden\" name=\"_wpcf7_unit_tag\" value=\"wpcf7-f2327-o1\" \/>\n<input type=\"hidden\" name=\"_wpcf7_container_post\" value=\"0\" \/>\n<input type=\"hidden\" name=\"_wpcf7_posted_data_hash\" value=\"\" \/>\n<\/div>\n<div class=\"row clearfix\">\n\t<div class=\"col-md-6 col-sm-6 col-xs-12 form-group\">\n\t\t<p><span class=\"wpcf7-form-control-wrap\" data-name=\"text-165\"><input size=\"40\" class=\"wpcf7-form-control wpcf7-text wpcf7-validates-as-required\" aria-required=\"true\" aria-invalid=\"false\" placeholder=\"Name\" value=\"\" type=\"text\" name=\"text-165\" \/><\/span>\n\t\t<\/p>\n\t<\/div>\n\t<div class=\"col-md-6 col-sm-6 col-xs-12 form-group\">\n\t\t<p><span class=\"wpcf7-form-control-wrap\" data-name=\"email-857\"><input size=\"40\" class=\"wpcf7-form-control wpcf7-text wpcf7-email wpcf7-validates-as-required wpcf7-validates-as-email\" aria-required=\"true\" aria-invalid=\"false\" placeholder=\"E-mail\" value=\"\" type=\"email\" name=\"email-857\" \/><\/span>\n\t\t<\/p>\n\t<\/div>\n\t<div class=\"col-md-12 col-sm-12 col-xs-12 form-group\">\n\t\t<p><span class=\"wpcf7-form-control-wrap\" data-name=\"text-166\"><input size=\"40\" class=\"wpcf7-form-control wpcf7-text\" aria-invalid=\"false\" placeholder=\"Title\" value=\"\" type=\"text\" name=\"text-166\" \/><\/span>\n\t\t<\/p>\n\t<\/div>\n\t<div class=\"col-lg-12 col-md-12 col-sm-12 col-xs-12 form-group\">\n\t\t<p><span class=\"wpcf7-form-control-wrap\" data-name=\"textarea-59\"><textarea cols=\"40\" rows=\"10\" class=\"wpcf7-form-control wpcf7-textarea\" aria-invalid=\"false\" placeholder=\"Text\" name=\"textarea-59\"><\/textarea><\/span>\n\t\t<\/p>\n\t<\/div>\n\t<div class=\"col-lg-12 col-md-12 col-sm-12 col-xs-12 form-group text-left\">\n\t\t<p><input class=\"wpcf7-form-control has-spinner wpcf7-submit theme-btn btn-style-one\" type=\"submit\" value=\"Submit\" \/>\n\t\t<\/p>\n\t<\/div>\n<\/div><p style=\"display: none !important;\"><label>&#916;<textarea name=\"_wpcf7_ak_hp_textarea\" cols=\"45\" rows=\"8\" maxlength=\"100\"><\/textarea><\/label><input type=\"hidden\" id=\"ak_js_1\" name=\"_wpcf7_ak_js\" value=\"4\"\/><script>document.getElementById( \"ak_js_1\" ).setAttribute( \"value\", ( new Date() ).getTime() );<\/script><\/p><div class=\"wpcf7-response-output\" aria-hidden=\"true\"><\/div>\n<\/form>\n<\/div>\n                        \n                <\/div>\n                <!--End Contact Form -->\n            <\/div>\n            <!--Column-->\n            <div class=\"column col-md-4 col-sm-12 col-xs-12\">\n                <h2>Address<\/h2>\n                <div class=\"text\">You can contact us for more information<\/div>\n                <ul class=\"list-style-two\">\n                                        <li><span class=\"icon fa fa-volume-control-phone\"><\/span><strong>+ 90 212 671 84 95<\/strong>Monday - Friday, 09.00 - 18.00<\/li>\n                                        <li><span class=\"icon fa fa-envelope-o\"><\/span><strong>info@gotikayakkabi.com.tr <\/strong><\/li>\n                                        <li><span class=\"icon fa fa-map-marker\"><\/span>\u0130kitelli Org. San. B\u00f6lgesi Aymakop San. Sit. C7 Blok No. 26 Ba\u015fak\u015fehir \u0130STANBUL<\/li>\n                                    <\/ul>\n                \n\t\t\t\t                \n            <\/div>\n        <\/div>\n    <\/div>\n<\/section>\n<!--End Services Section--><\/div><\/div><\/div><\/div><\/section><section class=\"kc-elm kc-css-378673 kc_row\"><div class=\"kc-row-container\"><div class=\"kc-wrap-columns\"><div class=\"kc-elm kc-css-766068 kc_col-sm-12 kc_column kc_col-sm-12\"><div class=\"kc-col-container\"><div class=\"kc-elm kc-css-326706 kc_google_maps kc_shortcode\" data-wheel=\"disable\"><div style=\"height: 1000px\" class=\"kc-google-maps\"><iframe src=\"https:\/\/www.google.com\/maps\/embed?pb=!1m18!1m12!1m3!1d3007.52634345945!2d28.788062415354045!3d41.079345122997466!2m3!1f0!2f0!3f0!3m2!1i1024!2i768!4f13.1!3m3!1m2!1s0x14caa5f45d49e3d1%3A0xe93a129dc7d37eb2!2sAymakoop%20Ayakkab%C4%B1c%C4%B1lar%20Sitesi!5e0!3m2!1str!2str!4v1643582488353!5m2!1str!2str\" width=\"100%\" height=\"1000\" style=\"border:0;\" allowfullscreen=\"\" loading=\"lazy\"><\/iframe><\/div><\/div><\/div><\/div><\/div><\/div><\/section><section class=\"kc-elm kc-css-101840 kc_row\"><div class=\"kc-row-container\"><div class=\"kc-wrap-columns\"><div class=\"kc-elm kc-css-434793 kc_col-sm-12 kc_column kc_col-sm-12\"><div class=\"kc-col-container\"><!--Subscribe Section-->\r\n<section class=\"subscribe-section\">\r\n    <div class=\"auto-container\">\r\n        <div class=\"row clearfix\">\r\n            <div class=\"title-column col-md-6 col-sm-12 col-xs-12\">\r\n                <h2>\u0130LET\u0130\u015e\u0130MDE KALIN<\/h2>\r\n                <div class=\"text\">B\u00fcltenimize Abone Olun ve Bizi sosyal Medya'da Takip Edin!<\/div>\r\n            <\/div>\r\n            <div class=\"column col-md-6 col-sm-12 col-xs-12\">\r\n                <div class=\"subscribe-form\">\r\n                    <form method=\"get\" action=\"http:\/\/feedburner.google.com\/fb\/a\/mailverify\" accept-charset=\"utf-8\">\r\n                        <div class=\"form-group\">\r\n                            <input type=\"hidden\" id=\"uri2\" name=\"uri\" value=\"themeforest\">\r\n                            <input type=\"email\" name=\"email\" value=\"\" placeholder=\"Your email address\" required>\r\n                            <button type=\"submit\" class=\"theme-btn\">Subscribe<\/button>\r\n                        <\/div>\r\n                    <\/form>\r\n                <\/div>\r\n            <\/div>\r\n        <\/div>\r\n    <\/div>\r\n<\/section>\r\n<!--End Subscribe Section--><\/div><\/div><\/div><\/div><\/section><\/p>\n","protected":false},"excerpt":{"rendered":"","protected":false},"author":1,"featured_media":0,"parent":0,"menu_order":0,"comment_status":"closed","ping_status":"closed","template":"tpl-king_composer.php","meta":[],"_links":{"self":[{"href":"https:\/\/gotikayakkabi.com.tr\/en\/wp-json\/wp\/v2\/pages\/2207"}],"collection":[{"href":"https:\/\/gotikayakkabi.com.tr\/en\/wp-json\/wp\/v2\/pages"}],"about":[{"href":"https:\/\/gotikayakkabi.com.tr\/en\/wp-json\/wp\/v2\/types\/page"}],"author":[{"embeddable":true,"href":"https:\/\/gotikayakkabi.com.tr\/en\/wp-json\/wp\/v2\/users\/1"}],"replies":[{"embeddable":true,"href":"https:\/\/gotikayakkabi.com.tr\/en\/wp-json\/wp\/v2\/comments?post=2207"}],"version-history":[{"count":6,"href":"https:\/\/gotikayakkabi.com.tr\/en\/wp-json\/wp\/v2\/pages\/2207\/revisions"}],"predecessor-version":[{"id":2466,"href":"https:\/\/gotikayakkabi.com.tr\/en\/wp-json\/wp\/v2\/pages\/2207\/revisions\/2466"}],"wp:attachment":[{"href":"https:\/\/gotikayakkabi.com.tr\/en\/wp-json\/wp\/v2\/media?parent=2207"}],"curies":[{"name":"wp","href":"https:\/\/api.w.org\/{rel}","templated":true}]}}