{"id":2209,"date":"2022-04-17T17:29:16","date_gmt":"2022-04-17T14:29:16","guid":{"rendered":"https:\/\/gotikayakkabi.com.tr\/?page_id=2209"},"modified":"2022-04-25T22:52:55","modified_gmt":"2022-04-25T19:52:55","slug":"about-us","status":"publish","type":"page","link":"https:\/\/gotikayakkabi.com.tr\/en\/about-us\/","title":{"rendered":"About Us"},"content":{"rendered":"<p><section class=\"kc-elm kc-css-792598 kc_row\"><div class=\"kc-row-container\"><div class=\"kc-wrap-columns\"><div class=\"kc-elm kc-css-483282 kc_col-sm-12 kc_column kc_col-sm-12\"><div class=\"kc-col-container\">\n\t<!--Main Slider-->\n\t<section class=\"main-slider\" data-start-height=\"900\" data-slide-overlay=\"yes\">\n\t\t\n\t\t\t<!-- START kurumsal REVOLUTION SLIDER 6.5.12 --><p class=\"rs-p-wp-fix\"><\/p>\n\t\t\t<rs-module-wrap id=\"rev_slider_8_1_wrapper\" data-source=\"gallery\" style=\"visibility:hidden;background:transparent;padding:0;margin:0px auto;margin-top:0;margin-bottom:0;\">\n\t\t\t\t<rs-module id=\"rev_slider_8_1\" style=\"\" data-version=\"6.5.12\">\n\t\t\t\t\t<rs-slides>\n\t\t\t\t\t\t<rs-slide style=\"position: absolute;\" data-key=\"rs-22\" data-title=\"Slide\" data-thumb=\"\/\/gotikayakkabi.com.tr\/wp-content\/uploads\/2022\/03\/L1010266.jpg\" data-in=\"o:0;\" data-out=\"a:false;\" data-alttrans=\"3dcurtain-vertical,curtain-2\">\n\t\t\t\t\t\t\t<img src=\"\/\/gotikayakkabi.com.tr\/en\/wp-content\/plugins\/revslider\/public\/assets\/assets\/dummy.png\" alt=\"Lazer paper\" title=\"Lazer paper\" width=\"1000\" height=\"750\" class=\"rev-slidebg tp-rs-img rs-lazyload\" data-lazyload=\"\/\/gotikayakkabi.com.tr\/wp-content\/uploads\/2022\/03\/L1010266.jpg\" data-no-retina>\n<!--\n\t\t\t\t\t\t\t--><rs-layer\n\t\t\t\t\t\t\t\tid=\"slider-8-slide-22-layer-1\" \n\t\t\t\t\t\t\t\tdata-type=\"text\"\n\t\t\t\t\t\t\t\tdata-rsp_ch=\"on\"\n\t\t\t\t\t\t\t\tdata-xy=\"x:l,l,l,c;xo:15px,15px,15px,0;y:m;yo:-101px;\"\n\t\t\t\t\t\t\t\tdata-text=\"w:normal;s:60,60,60,40;l:70,70,70,50;fw:600;a:left,left,left,center;\"\n\t\t\t\t\t\t\t\tdata-vbility=\"f,f,f,f\"\n\t\t\t\t\t\t\t\tdata-frame_0=\"y:-100%;o:1;\"\n\t\t\t\t\t\t\t\tdata-frame_0_mask=\"u:t;\"\n\t\t\t\t\t\t\t\tdata-frame_1=\"sp:1500;\"\n\t\t\t\t\t\t\t\tdata-frame_1_mask=\"u:t;\"\n\t\t\t\t\t\t\t\tdata-frame_999=\"o:0;st:w;sR:8700;\"\n\t\t\t\t\t\t\t\tstyle=\"z-index:8;font-family:'Poppins';\"\n\t\t\t\t\t\t\t>Deri Sekt\u00f6r\u00fc i\u00e7in <br> \u00dcretti\u011fimiz Desenler \n\t\t\t\t\t\t\t<\/rs-layer><!--\n\n\t\t\t\t\t\t\t--><rs-layer\n\t\t\t\t\t\t\t\tid=\"slider-8-slide-22-layer-2\" \n\t\t\t\t\t\t\t\tdata-type=\"text\"\n\t\t\t\t\t\t\t\tdata-rsp_ch=\"on\"\n\t\t\t\t\t\t\t\tdata-xy=\"x:l,l,l,c;xo:15px,15px,15px,0;y:m;yo:30px;\"\n\t\t\t\t\t\t\t\tdata-text=\"w:normal;l:32;a:left,left,left,center;\"\n\t\t\t\t\t\t\t\tdata-dim=\"w:550px,550px,550px,460px;\"\n\t\t\t\t\t\t\t\tdata-vbility=\"f,f,f,f\"\n\t\t\t\t\t\t\t\tdata-frame_0=\"y:100%;\"\n\t\t\t\t\t\t\t\tdata-frame_1=\"e:power4.inOut;sp:2000;\"\n\t\t\t\t\t\t\t\tdata-frame_999=\"o:0;st:w;sR:8700;\"\n\t\t\t\t\t\t\t\tstyle=\"z-index:9;font-family:'Open Sans';\"\n\t\t\t\t\t\t\t>Uzun y\u0131llar edindi\u011fimiz deneyimler sayesinde olu\u015fturdu\u011fumuz deri ve di\u011fer desenler \n\t\t\t\t\t\t\t<\/rs-layer><!--\n-->\t\t\t\t\t\t<\/rs-slide>\n\t\t\t\t\t\t<rs-slide style=\"position: absolute;\" data-key=\"rs-23\" data-title=\"Slide\" data-thumb=\"\/\/gotikayakkabi.com.tr\/wp-content\/uploads\/2022\/03\/L1010303.jpg\" data-in=\"o:0;\" data-out=\"a:false;\" data-alttrans=\"3dcurtain-vertical,curtain-2\">\n\t\t\t\t\t\t\t<img src=\"\/\/gotikayakkabi.com.tr\/en\/wp-content\/plugins\/revslider\/public\/assets\/assets\/dummy.png\" alt=\"tek renk varak\" title=\"tek renk varak\" width=\"1000\" height=\"750\" class=\"rev-slidebg tp-rs-img rs-lazyload\" data-lazyload=\"\/\/gotikayakkabi.com.tr\/wp-content\/uploads\/2022\/03\/L1010303.jpg\" data-no-retina>\n<!--\n\t\t\t\t\t\t\t--><rs-layer\n\t\t\t\t\t\t\t\tid=\"slider-8-slide-23-layer-1\" \n\t\t\t\t\t\t\t\tdata-type=\"text\"\n\t\t\t\t\t\t\t\tdata-rsp_ch=\"on\"\n\t\t\t\t\t\t\t\tdata-xy=\"x:r,r,r,c;xo:30px,30px,30px,0;y:m;yo:-100px;\"\n\t\t\t\t\t\t\t\tdata-text=\"w:normal;s:60,60,60,40;l:70,70,70,50;fw:600;a:right,right,right,center;\"\n\t\t\t\t\t\t\t\tdata-vbility=\"f,f,f,f\"\n\t\t\t\t\t\t\t\tdata-frame_0=\"y:-100%;o:1;\"\n\t\t\t\t\t\t\t\tdata-frame_0_mask=\"u:t;\"\n\t\t\t\t\t\t\t\tdata-frame_1=\"sp:1500;\"\n\t\t\t\t\t\t\t\tdata-frame_1_mask=\"u:t;\"\n\t\t\t\t\t\t\t\tdata-frame_999=\"o:0;st:w;sR:8700;\"\n\t\t\t\t\t\t\t\tstyle=\"z-index:8;font-family:'Poppins';\"\n\t\t\t\t\t\t\t>Tekstil Sekt\u00f6r\u00fc \u0130\u00e7in <br> \u00dcretti\u011fimiz T\u00fcm \u00dcr\u00fcnler \n\t\t\t\t\t\t\t<\/rs-layer><!--\n\n\t\t\t\t\t\t\t--><rs-layer\n\t\t\t\t\t\t\t\tid=\"slider-8-slide-23-layer-2\" \n\t\t\t\t\t\t\t\tdata-type=\"text\"\n\t\t\t\t\t\t\t\tdata-rsp_ch=\"on\"\n\t\t\t\t\t\t\t\tdata-xy=\"x:r,r,r,c;xo:30px,30px,30px,0;y:m;yo:30px;\"\n\t\t\t\t\t\t\t\tdata-text=\"w:normal;l:32;a:right,right,right,center;\"\n\t\t\t\t\t\t\t\tdata-dim=\"w:550px,550px,550px,460px;\"\n\t\t\t\t\t\t\t\tdata-vbility=\"f,f,f,f\"\n\t\t\t\t\t\t\t\tdata-frame_0=\"y:100%;\"\n\t\t\t\t\t\t\t\tdata-frame_1=\"e:power4.inOut;sp:2000;\"\n\t\t\t\t\t\t\t\tdata-frame_999=\"o:0;st:w;sR:8700;\"\n\t\t\t\t\t\t\t\tstyle=\"z-index:9;font-family:'Open Sans';\"\n\t\t\t\t\t\t\t>Uzun y\u0131llar edindi\u011fimiz tecr\u00fcbeler dahilinde tekstil sekt\u00f6r\u00fc i\u00e7in \u00fcretti\u011fimiz \u00fcr\u00fcnleri g\u00f6rebilirsiniz. \n\t\t\t\t\t\t\t<\/rs-layer><!--\n-->\t\t\t\t\t\t<\/rs-slide>\n\t\t\t\t\t\t<rs-slide style=\"position: absolute;\" data-key=\"rs-24\" data-title=\"Slide\" data-thumb=\"\/\/gotikayakkabi.com.tr\/wp-content\/uploads\/2022\/03\/L1010274.jpg\" data-in=\"o:0;\" data-out=\"a:false;\">\n\t\t\t\t\t\t\t<img src=\"\/\/gotikayakkabi.com.tr\/en\/wp-content\/plugins\/revslider\/public\/assets\/assets\/dummy.png\" alt=\"\" title=\"About Us\" class=\"rev-slidebg tp-rs-img rs-lazyload\" data-lazyload=\"\/\/gotikayakkabi.com.tr\/wp-content\/uploads\/2022\/03\/L1010274.jpg\" data-no-retina>\n<!---->\t\t\t\t\t\t<\/rs-slide>\n\t\t\t\t\t\t<rs-slide style=\"position: absolute;\" data-key=\"rs-25\" data-title=\"Slide\" data-thumb=\"\/\/gotikayakkabi.com.tr\/wp-content\/uploads\/2022\/03\/L1010309.jpg\" data-in=\"o:0;\" data-out=\"a:false;\">\n\t\t\t\t\t\t\t<img src=\"\/\/gotikayakkabi.com.tr\/en\/wp-content\/plugins\/revslider\/public\/assets\/assets\/dummy.png\" alt=\"\" title=\"About Us\" class=\"rev-slidebg tp-rs-img rs-lazyload\" data-lazyload=\"\/\/gotikayakkabi.com.tr\/wp-content\/uploads\/2022\/03\/L1010309.jpg\" data-no-retina>\n<!---->\t\t\t\t\t\t<\/rs-slide>\n\t\t\t\t\t<\/rs-slides>\n\t\t\t\t\t<rs-static-layers><!--\n\t\t\t\t\t--><\/rs-static-layers>\n\t\t\t\t<\/rs-module>\n\t\t\t\t<script>\n\t\t\t\t\tsetREVStartSize({c: 'rev_slider_8_1',rl:[1240,1240,1240,480],el:[480,480,480,480],gw:[1200,1200,1200,480],gh:[480,480,480,480],type:'standard',justify:'',layout:'fullwidth',mh:\"0\"});if (window.RS_MODULES!==undefined && window.RS_MODULES.modules!==undefined && window.RS_MODULES.modules[\"revslider81\"]!==undefined) {window.RS_MODULES.modules[\"revslider81\"].once = false;window.revapi8 = undefined;if (window.RS_MODULES.checkMinimal!==undefined) window.RS_MODULES.checkMinimal()}\n\t\t\t\t<\/script>\n\t\t\t<\/rs-module-wrap>\n\t\t\t<!-- END REVOLUTION SLIDER -->\n\t<\/section>\n\t<!--End Main Slider-->\n\n<\/div><\/div><\/div><\/div><\/section><section class=\"kc-elm kc-css-813591 kc_row\"><div class=\"kc-row-container\"><div class=\"kc-wrap-columns\"><div class=\"kc-elm kc-css-267081 kc_col-sm-12 kc_column kc_col-sm-12\"><div class=\"kc-col-container\"><!--Fluid Section One-->\r\n<section class=\"fluid-section-one\">\r\n    <div class=\"outer-container clearfix\">\r\n        <!--Image Column-->\r\n        <div class=\"image-column\" style=\"background-image:url('https:\/\/gotikayakkabi.com.tr\/wp-content\/uploads\/2019\/01\/bg-map.png');\">\r\n            <figure class=\"image-box\"><img src=\"https:\/\/gotikayakkabi.com.tr\/wp-content\/uploads\/2019\/01\/bg-map.png\" alt=\"image\"><\/figure>\r\n        <\/div>\r\n        <!--Content Column-->\r\n        <div class=\"content-column\">\r\n            <div class=\"inner-box\">\r\n                <div class=\"sec-title\">\r\n                    <h2>Hakk\u0131m\u0131zda<\/h2>\r\n                <\/div>\r\n                <div class=\"text\">\r\n                    <p> 2009 y\u0131l\u0131nda \u0130stanbul \u0130kitelli Organize Sanayi B\u00f6lgesi\u2019nde faaliyete ba\u015flayan Gotik Lazer, on y\u0131l\u0131 a\u015fk\u0131n bir s\u00fcredir deri sekt\u00f6r\u00fc ba\u015fta olmak \u00fczere tekstil, suni deri, ayakkab\u0131 ve d\u00f6\u015femelik kuma\u015f sekt\u00f6rlerine \u0130talyan kalitesi varak ve transfer ka\u011f\u0131tlar\u0131 tedarik etmektedir.<\/p>\r\n \r\n<p>Zamanla i\u00e7 ve d\u0131\u015f pazarlarda s\u00fcrekli geni\u015fleyen Gotik Lazer, moda alan\u0131nda faaliyet g\u00f6steren m\u00fc\u015fterileri i\u00e7in ideal bir ortak haline gelmi\u015ftir.\r\nY\u0131llar ge\u00e7tik\u00e7e, transfer filmleri \u00e7anta, ayakkab\u0131 ve deri konfeksiyon \u00fcr\u00fcnlerine  ve aksesuarlara ve ayn\u0131 zamanda kuma\u015f ve plastik malzemelere estetik de\u011fer katmak i\u00e7in giderek daha \u00f6nemli hale geldi.<\/p>\r\n \r\n<p>\u00dcr\u00fcnlerinin m\u00fckemmel kalite seviyesi sayesinde Gotik Lazer, temel moda ve tasar\u0131m ihtiya\u00e7lar\u0131n\u0131 ve standartlar\u0131n\u0131 kar\u015f\u0131layabilmek i\u00e7in var g\u00fcc\u00fcyle \u00e7al\u0131\u015fmaktad\u0131r.\r\nY\u0131llar i\u00e7inde edinilen bilgi birikimi ile  y\u00fcksek kalite standartlar\u0131n\u0131n korunmas\u0131 temel bir i\u015fletme motivasyonumuzdur.<\/p>\r\n<p>T\u00fcm \u00e7evre dostu \u00fcretim s\u00fcre\u00e7lerini takip ediyoruz ve tedarik\u00e7ilerimizi bu y\u00f6nde te\u015fvik ediyoruz. <\/p>\r\n                <\/div>\r\n                <ul class=\"choose-info\">\r\n                                        <li><span class=\"icon flaticon-microscope\"><\/span>Y\u00fcksek <br> Teknoloji<\/li>\r\n                                        <li><span class=\"icon flaticon-time-passing\"><\/span>Zaman\u0131nda <br> Teslimat<\/li>\r\n                                        <li><span class=\"icon flaticon-engineer\"><\/span>Onaylanm\u0131\u015f <br> M\u00fchendislik<\/li>\r\n                                    <\/ul>\r\n            <\/div>\r\n        <\/div>\r\n    <\/div>\r\n<\/section><\/div><\/div><\/div><\/div><\/section><section class=\"kc-elm kc-css-988295 kc_row\"><div class=\"kc-row-container\"><div class=\"kc-wrap-columns\"><div class=\"kc-elm kc-css-300440 kc_col-sm-12 kc_column kc_col-sm-12\"><div class=\"kc-col-container\"><!-- About Company -->\n<section class=\"updated-about-company\" style=\"background-image: url();\">\n    <div class=\"auto-container\">\n        <div class=\"content-box\">\n            <div class=\"image-box wow zoomIn\"><figure class=\"image\"><img src=\"https:\/\/gotikayakkabi.com.tr\/wp-content\/uploads\/2022\/02\/gotik-300x51.png\" alt=\"Awesome Image\"><\/figure><\/div>\n            <h3>About Us<\/h3>\n            <div class=\"text\"><p> Gotik Lazer, which started its operations in Istanbul \u0130kitelli Organized Industrial Zone in 2009, has been supplying Italian quality foil and transfer papers to the leather,  textile, artificial leather, shoes and upholstery fabric sectors, for more than ten years.<\/p>\r\n<p>Gotik Lazer, which has been constantly expanding in domestic and foreign markets over time, has become an ideal partner for its customers operating in the field of fashion.<\/p>\r\n<p>Over the years, transfer films have become increasingly important for adding aesthetic value to accessories such as bags, shoes and leather goods, as well as fabric and plastic materials.<\/p>\r\n \r\n<p>Thanks to the excellent quality level of its products, Gotik Lazer works hard to meet basic fashion and design needs and standards.\r\nMaintaining high quality standards with the knowledge gained over the years is our basic business motivation.<\/p>\r\n<p>We follow all environmentally friendly production processes and encourage our suppliers in this direction.<\/p><\/div> \n            <div class=\"btn-box\">\n                <a href=\"https:\/\/gotikayakkabi.com.tr\/en\/contact\/\" class=\"theme-btn btn-style-five\">Contact<\/a>\n            <\/div>\n        <\/div>\n    <\/div>\n<\/section>\n<!--end About Company -->\n<\/div><\/div><\/div><\/div><\/section><section class=\"kc-elm kc-css-184805 kc_row\"><div class=\"kc-row-container\"><div class=\"kc-wrap-columns\"><div class=\"kc-elm kc-css-731492 kc_col-sm-12 kc_column kc_col-sm-12\"><div class=\"kc-col-container\"><!--Subscribe Section-->\r\n<section class=\"subscribe-section\">\r\n    <div class=\"auto-container\">\r\n        <div class=\"row clearfix\">\r\n            <div class=\"title-column col-md-6 col-sm-12 col-xs-12\">\r\n                <h2>\u0130LET\u0130\u015e\u0130MDE KALIN<\/h2>\r\n                <div class=\"text\">B\u00fcltenimize Abone Olun ve Bizi sosyal Medya'da Takip Edin!<\/div>\r\n            <\/div>\r\n            <div class=\"column col-md-6 col-sm-12 col-xs-12\">\r\n                <div class=\"subscribe-form\">\r\n                    <form method=\"get\" action=\"http:\/\/feedburner.google.com\/fb\/a\/mailverify\" accept-charset=\"utf-8\">\r\n                        <div class=\"form-group\">\r\n                            <input type=\"hidden\" id=\"uri2\" name=\"uri\" value=\"themeforest\">\r\n                            <input type=\"email\" name=\"email\" value=\"\" placeholder=\"Your email address\" required>\r\n                            <button type=\"submit\" class=\"theme-btn\">Subscribe<\/button>\r\n                        <\/div>\r\n                    <\/form>\r\n                <\/div>\r\n            <\/div>\r\n        <\/div>\r\n    <\/div>\r\n<\/section>\r\n<!--End Subscribe Section--><\/div><\/div><\/div><\/div><\/section><\/p>\n","protected":false},"excerpt":{"rendered":"","protected":false},"author":1,"featured_media":0,"parent":0,"menu_order":0,"comment_status":"closed","ping_status":"closed","template":"tpl-king_composer.php","meta":[],"_links":{"self":[{"href":"https:\/\/gotikayakkabi.com.tr\/en\/wp-json\/wp\/v2\/pages\/2209"}],"collection":[{"href":"https:\/\/gotikayakkabi.com.tr\/en\/wp-json\/wp\/v2\/pages"}],"about":[{"href":"https:\/\/gotikayakkabi.com.tr\/en\/wp-json\/wp\/v2\/types\/page"}],"author":[{"embeddable":true,"href":"https:\/\/gotikayakkabi.com.tr\/en\/wp-json\/wp\/v2\/users\/1"}],"replies":[{"embeddable":true,"href":"https:\/\/gotikayakkabi.com.tr\/en\/wp-json\/wp\/v2\/comments?post=2209"}],"version-history":[{"count":4,"href":"https:\/\/gotikayakkabi.com.tr\/en\/wp-json\/wp\/v2\/pages\/2209\/revisions"}],"predecessor-version":[{"id":2402,"href":"https:\/\/gotikayakkabi.com.tr\/en\/wp-json\/wp\/v2\/pages\/2209\/revisions\/2402"}],"wp:attachment":[{"href":"https:\/\/gotikayakkabi.com.tr\/en\/wp-json\/wp\/v2\/media?parent=2209"}],"curies":[{"name":"wp","href":"https:\/\/api.w.org\/{rel}","templated":true}]}}